{"id":3159,"date":"2026-01-16T11:41:32","date_gmt":"2026-01-16T11:41:32","guid":{"rendered":"https:\/\/amberg-art.com\/?page_id=3159"},"modified":"2026-01-16T11:53:33","modified_gmt":"2026-01-16T11:53:33","slug":"janus-la-cour","status":"publish","type":"page","link":"https:\/\/amberg-art.com\/?page_id=3159","title":{"rendered":"Janus la Cour"},"content":{"rendered":"\t\t<div data-elementor-type=\"wp-page\" data-elementor-id=\"3159\" class=\"elementor elementor-3159\" data-elementor-post-type=\"page\">\n\t\t\t\t\t\t<section class=\"elementor-section elementor-top-section elementor-element elementor-element-0c5073a elementor-section-boxed elementor-section-height-default elementor-section-height-default\" data-id=\"0c5073a\" data-element_type=\"section\">\n\t\t\t\t\t\t<div class=\"elementor-container elementor-column-gap-default\">\n\t\t\t\t\t<div class=\"elementor-column elementor-col-100 elementor-top-column elementor-element elementor-element-95a7751\" data-id=\"95a7751\" data-element_type=\"column\">\n\t\t\t<div class=\"elementor-widget-wrap elementor-element-populated\">\n\t\t\t\t\t\t<div class=\"elementor-element elementor-element-9f6564d elementor-widget elementor-widget-heading\" data-id=\"9f6564d\" data-element_type=\"widget\" data-widget_type=\"heading.default\">\n\t\t\t\t<div class=\"elementor-widget-container\">\n\t\t\t\t\t<h2 class=\"elementor-heading-title elementor-size-default\">Janus la Cour<\/h2>\t\t\t\t<\/div>\n\t\t\t\t<\/div>\n\t\t\t\t\t<\/div>\n\t\t<\/div>\n\t\t\t\t\t<\/div>\n\t\t<\/section>\n\t\t\t\t<section class=\"elementor-section elementor-top-section elementor-element elementor-element-1176df6 elementor-section-boxed elementor-section-height-default elementor-section-height-default\" data-id=\"1176df6\" data-element_type=\"section\">\n\t\t\t\t\t\t<div class=\"elementor-container elementor-column-gap-default\">\n\t\t\t\t\t<div class=\"elementor-column elementor-col-100 elementor-top-column elementor-element elementor-element-8a5e284\" data-id=\"8a5e284\" data-element_type=\"column\">\n\t\t\t<div class=\"elementor-widget-wrap elementor-element-populated\">\n\t\t\t\t\t\t<div class=\"elementor-element elementor-element-3ff6a85 elementor-widget elementor-widget-image\" data-id=\"3ff6a85\" data-element_type=\"widget\" data-widget_type=\"image.default\">\n\t\t\t\t<div class=\"elementor-widget-container\">\n\t\t\t\t\t\t\t\t\t\t\t\t\t\t\t\t<a href=\"https:\/\/www.ricardo.ch\/de\/a\/janus-la-cour-1881-vierwaldstaettersee-1296922932\/\">\n\t\t\t\t\t\t\t<img fetchpriority=\"high\" decoding=\"async\" width=\"1500\" height=\"998\" src=\"https:\/\/amberg-art.com\/wp-content\/uploads\/2026\/01\/LaCour-Janus-Vierwaldstaettersee-c-Joe-Amberg-1500.jpg\" class=\"attachment-full size-full wp-image-3163\" alt=\"Janus La Cour: Vierwaldstaettersee (c) Joe Amberg Amberg-Art.com\" srcset=\"https:\/\/amberg-art.com\/wp-content\/uploads\/2026\/01\/LaCour-Janus-Vierwaldstaettersee-c-Joe-Amberg-1500.jpg 1500w, https:\/\/amberg-art.com\/wp-content\/uploads\/2026\/01\/LaCour-Janus-Vierwaldstaettersee-c-Joe-Amberg-1500-300x200.jpg 300w, https:\/\/amberg-art.com\/wp-content\/uploads\/2026\/01\/LaCour-Janus-Vierwaldstaettersee-c-Joe-Amberg-1500-1024x681.jpg 1024w, https:\/\/amberg-art.com\/wp-content\/uploads\/2026\/01\/LaCour-Janus-Vierwaldstaettersee-c-Joe-Amberg-1500-768x511.jpg 768w\" sizes=\"(max-width: 1500px) 100vw, 1500px\" \/>\t\t\t\t\t\t\t\t<\/a>\n\t\t\t\t\t\t\t\t\t\t\t\t\t\t\t<\/div>\n\t\t\t\t<\/div>\n\t\t\t\t\t<\/div>\n\t\t<\/div>\n\t\t\t\t\t<\/div>\n\t\t<\/section>\n\t\t\t\t<section class=\"elementor-section elementor-top-section elementor-element elementor-element-0f741e0 elementor-section-boxed elementor-section-height-default elementor-section-height-default\" data-id=\"0f741e0\" data-element_type=\"section\">\n\t\t\t\t\t\t<div class=\"elementor-container elementor-column-gap-default\">\n\t\t\t\t\t<div class=\"elementor-column elementor-col-100 elementor-top-column elementor-element elementor-element-48b4deb\" data-id=\"48b4deb\" data-element_type=\"column\">\n\t\t\t<div class=\"elementor-widget-wrap elementor-element-populated\">\n\t\t\t\t\t\t<div class=\"elementor-element elementor-element-5443be2 elementor-widget elementor-widget-text-editor\" data-id=\"5443be2\" data-element_type=\"widget\" data-widget_type=\"text-editor.default\">\n\t\t\t\t<div class=\"elementor-widget-container\">\n\t\t\t\t\t\t\t\t\t<h5 style=\"text-align: center;\">\u00a0Janus La Cour 1881: Vierwaldst\u00e4ttersee, \u00d6l auf Leinwand, 74 x 112 cm<br \/>(c) Joe Amberg<br \/><br \/><\/h5>\t\t\t\t\t\t\t\t<\/div>\n\t\t\t\t<\/div>\n\t\t\t\t\t<\/div>\n\t\t<\/div>\n\t\t\t\t\t<\/div>\n\t\t<\/section>\n\t\t\t\t<section class=\"elementor-section elementor-top-section elementor-element elementor-element-9c3e882 elementor-section-boxed elementor-section-height-default elementor-section-height-default\" data-id=\"9c3e882\" data-element_type=\"section\">\n\t\t\t\t\t\t<div class=\"elementor-container elementor-column-gap-default\">\n\t\t\t\t\t<div class=\"elementor-column elementor-col-100 elementor-top-column elementor-element elementor-element-a7104bd\" data-id=\"a7104bd\" data-element_type=\"column\">\n\t\t\t<div class=\"elementor-widget-wrap elementor-element-populated\">\n\t\t\t\t\t\t<div class=\"elementor-element elementor-element-3f1e0a4 elementor-widget elementor-widget-image\" data-id=\"3f1e0a4\" data-element_type=\"widget\" data-widget_type=\"image.default\">\n\t\t\t\t<div class=\"elementor-widget-container\">\n\t\t\t\t\t\t\t\t\t\t\t\t\t\t\t\t<a href=\"https:\/\/www.ricardo.ch\/de\/a\/janus-la-cour-1887-schloss-chillon-am-genfersee-1305680848\/\">\n\t\t\t\t\t\t\t<img decoding=\"async\" width=\"1500\" height=\"884\" src=\"https:\/\/amberg-art.com\/wp-content\/uploads\/2026\/01\/Amberg-Art.com-Janus-LaCour-Schloss-Chillon-c-Joe-Amberg-1500.jpg\" class=\"attachment-full size-full wp-image-3162\" alt=\"Janus La Cour: Schloss Chillon (c) Joe Amberg Amberg-Art.com\" srcset=\"https:\/\/amberg-art.com\/wp-content\/uploads\/2026\/01\/Amberg-Art.com-Janus-LaCour-Schloss-Chillon-c-Joe-Amberg-1500.jpg 1500w, https:\/\/amberg-art.com\/wp-content\/uploads\/2026\/01\/Amberg-Art.com-Janus-LaCour-Schloss-Chillon-c-Joe-Amberg-1500-300x177.jpg 300w, https:\/\/amberg-art.com\/wp-content\/uploads\/2026\/01\/Amberg-Art.com-Janus-LaCour-Schloss-Chillon-c-Joe-Amberg-1500-1024x603.jpg 1024w, https:\/\/amberg-art.com\/wp-content\/uploads\/2026\/01\/Amberg-Art.com-Janus-LaCour-Schloss-Chillon-c-Joe-Amberg-1500-768x453.jpg 768w\" sizes=\"(max-width: 1500px) 100vw, 1500px\" \/>\t\t\t\t\t\t\t\t<\/a>\n\t\t\t\t\t\t\t\t\t\t\t\t\t\t\t<\/div>\n\t\t\t\t<\/div>\n\t\t\t\t<div class=\"elementor-element elementor-element-cb9638f elementor-widget elementor-widget-text-editor\" data-id=\"cb9638f\" data-element_type=\"widget\" data-widget_type=\"text-editor.default\">\n\t\t\t\t<div class=\"elementor-widget-container\">\n\t\t\t\t\t\t\t\t\t<h5 style=\"text-align: center;\">Janus La Cour 1887: Schloss Chillon am Genfersee, \u00d6l auf Leinwand, 45 x 75 cm <br>(c) Joe Amberg<br><br><\/h5>\t\t\t\t\t\t\t\t<\/div>\n\t\t\t\t<\/div>\n\t\t\t\t\t<\/div>\n\t\t<\/div>\n\t\t\t\t\t<\/div>\n\t\t<\/section>\n\t\t\t\t<section class=\"elementor-section elementor-top-section elementor-element elementor-element-7f89443 elementor-section-boxed elementor-section-height-default elementor-section-height-default\" data-id=\"7f89443\" data-element_type=\"section\">\n\t\t\t\t\t\t<div class=\"elementor-container elementor-column-gap-default\">\n\t\t\t\t\t<div class=\"elementor-column elementor-col-100 elementor-top-column elementor-element elementor-element-f81ce11\" data-id=\"f81ce11\" data-element_type=\"column\">\n\t\t\t<div class=\"elementor-widget-wrap elementor-element-populated\">\n\t\t\t\t\t\t<div class=\"elementor-element elementor-element-3e93997 elementor-widget elementor-widget-text-editor\" data-id=\"3e93997\" data-element_type=\"widget\" data-widget_type=\"text-editor.default\">\n\t\t\t\t<div class=\"elementor-widget-container\">\n\t\t\t\t\t\t\t\t\t<p><strong>Janus Andreas Bartholin la Cour<\/strong> (* 5. September 1837 in Ringk\u00f8bing; \u2020 13. Oktober 1909 in Odder\/J\u00fctland) war ein d\u00e4nischer Landschaftsmaler in der Tradition des Goldenen Zeitalters der d\u00e4nischen Malerei.<\/p><p>Janus la Cour war ein Nachkomme des urspr\u00fcnglich aus Frankreich stammenden, 1732 nach D\u00e4nemark eingewanderten Geschlechts (Dornonville de) la Cour. Er wurde 1837 in Timg\u00e5rd bei Ringk\u00f8bing als Sohn des Gutsbesitzers und Politikers (St\u00e4ndedeputierter) Otto August la Cour (1796\u20131860) und dessen Frau Ane Cathrine Strandbygaard (1796\u20131879) geboren. La Cour begann bereits mit 7\u20138 Jahren, Landschaften zu zeichnen. 1846 wurde sein Talent von Emmerik H\u00f8egh-Guldberg (1807\u20131881) entdeckt, einem Maler und Lehrer an der Kathedralschule in Aarhus, an der la Cour im selben Jahr aufgenommen wurde. Hier kam es zur Freundschaft mit Christian Blache (1838\u20131920), Sohn des Direktors und sp\u00e4ter Marinemaler. Bei H\u00f8egh-Guldberg erhielt er zwischen 1850 und 1853 Privatunterricht.<\/p><p>1853 kam er nach Kopenhagen, wo er zun\u00e4chst bei Frederik Christian Ki\u00e6rskou und ab 1854 bei Vilhelm Marstrand Privatunterricht erhielt. Erst 1857 wurde er Sch\u00fcler der K\u00f6niglich D\u00e4nischen Kunstakademie, hatte aber bereits zwei Jahre zuvor sein Deb\u00fct auf der Charlottenborg Fr\u00fchjahrs-Ausstellung (For\u00e5rsudstilling) mit seinem Bild Strandparti ved Helgen\u00e6s. Hier sollte er danach mit seinen Werken bis zu seinem Tod regelm\u00e4\u00dfig vertreten sein. Ermutigt durch den Kunsthistoriker Niels Laurits H\u00f8yen (1798\u20131870) suchte er 1856 den Kontakt zu P. C. Skovgaard. Die Freundschaft mit dem \u00e4lteren, erfahreneren Landschaftsmaler war von entscheidender Bedeutung f\u00fcr la Cour. Ohne in einer wirklichen Studentenbeziehung zu ihm zu stehen, inspirierten sie sich gegenseitig. In den Jahren 1861 bis 1884 wohnte er zudem im Hause der Familie Skovgaard in Kopenhagen und wurde zum Mentor bei der k\u00fcnstlerischen Ausbildung der drei Kinder Skovgaards, Joakim Frederik, Niels Kristian und Susette Cathrine.<\/p><p>1861 gewann er die Neuhausenske Pr\u00e4mie (Neuhausenske Pr\u00e6mier) f\u00fcr Tidlig sommermorgen ud over en eng (Fr\u00fcher Sommermorgen neben einer Wiese) und in den Jahren 1865, 1866 und 1868 erhielt er jeweils ein Reisestipendium der Akademie. Diese finanziellen Mittel erm\u00f6glichten ihm Studienreisen, die ihn 1865\u20131867 nach Frankreich und Italien und 1868\u20131870 in die Schweiz und erneut nach Italien f\u00fchrten. Diese L\u00e4nder sollte er sp\u00e4ter noch mehrmals besuchen. 1871 erhielt la Cour erneut eine Ehrung, die Thorvaldsen Medaillen, die Ausstellungsmedaille auf Charlottenborg f\u00fcr En aftenstund ved Nemis\u00f8en (Abendzeit am Nemisee). Im folgenden Jahr wurde er Mitglied der Akademie und 1883 auch der Schwedischen Kunstakademie. 1888 wurde er zum Titularprofessor und 1892 zum Ritter des Dannebrogordens ernannt.<\/p><p>1884 zog er sich nach J\u00fctland zur\u00fcck und lie\u00df sich in der Gegend von Aarhus nieder. Hier verbrachte er den Rest seines Lebens, nur unterbrochen von weiteren Reisen in den S\u00fcden. Sein R\u00fcckzug geschah bewusst in der Absicht, der Kopenhagener Kunstwelt zu entgehen. Diese war ihm als der akademischen Tradition der Eckersberg-Schule verbundenen Landschaftsmaler mit ihren Trends wie der Freilichtmalerei (en plain air) zu modern.<\/p><p>Janus la Cour blieb unverheiratet, er verstarb 1909 in Odder in der N\u00e4he von Aarhus. Sein Schaffen wurde 1928 in einer Biographie mit \u00fcber 870 bekannten Werken angegeben. 1901 waren in einer Einzelausstellung der Foreningen for national Kunst \u00fcber 200 seiner Werke zu sehen<\/p><p>[Quelle: Wikipedia]<\/p>\t\t\t\t\t\t\t\t<\/div>\n\t\t\t\t<\/div>\n\t\t\t\t\t<\/div>\n\t\t<\/div>\n\t\t\t\t\t<\/div>\n\t\t<\/section>\n\t\t\t\t<\/div>\n\t\t","protected":false},"excerpt":{"rendered":"<p>Janus la Cour \u00a0Janus La Cour 1881: Vierwaldst\u00e4ttersee, \u00d6l auf Leinwand, 74 x 112 cm(c) Joe Amberg Janus La Cour 1887: Schloss Chillon am Genfersee, \u00d6l auf Leinwand, 45 x 75 cm (c) Joe Amberg Janus Andreas Bartholin la Cour (* 5. September 1837 in Ringk\u00f8bing; \u2020 13. Oktober 1909 in Odder\/J\u00fctland) war ein d\u00e4nischer [&hellip;]<\/p>\n","protected":false},"author":1,"featured_media":0,"parent":0,"menu_order":0,"comment_status":"closed","ping_status":"closed","template":"","meta":{"footnotes":""},"class_list":["post-3159","page","type-page","status-publish","hentry"],"_links":{"self":[{"href":"https:\/\/amberg-art.com\/index.php?rest_route=\/wp\/v2\/pages\/3159","targetHints":{"allow":["GET"]}}],"collection":[{"href":"https:\/\/amberg-art.com\/index.php?rest_route=\/wp\/v2\/pages"}],"about":[{"href":"https:\/\/amberg-art.com\/index.php?rest_route=\/wp\/v2\/types\/page"}],"author":[{"embeddable":true,"href":"https:\/\/amberg-art.com\/index.php?rest_route=\/wp\/v2\/users\/1"}],"replies":[{"embeddable":true,"href":"https:\/\/amberg-art.com\/index.php?rest_route=%2Fwp%2Fv2%2Fcomments&post=3159"}],"version-history":[{"count":10,"href":"https:\/\/amberg-art.com\/index.php?rest_route=\/wp\/v2\/pages\/3159\/revisions"}],"predecessor-version":[{"id":3172,"href":"https:\/\/amberg-art.com\/index.php?rest_route=\/wp\/v2\/pages\/3159\/revisions\/3172"}],"wp:attachment":[{"href":"https:\/\/amberg-art.com\/index.php?rest_route=%2Fwp%2Fv2%2Fmedia&parent=3159"}],"curies":[{"name":"wp","href":"https:\/\/api.w.org\/{rel}","templated":true}]}}