{"id":3180,"date":"2026-01-16T12:01:50","date_gmt":"2026-01-16T12:01:50","guid":{"rendered":"https:\/\/amberg-art.com\/?page_id=3180"},"modified":"2026-01-18T17:52:23","modified_gmt":"2026-01-18T17:52:23","slug":"weitere-kuenstler","status":"publish","type":"page","link":"https:\/\/amberg-art.com\/?page_id=3180","title":{"rendered":"weitere K\u00fcnstler"},"content":{"rendered":"\t\t<div data-elementor-type=\"wp-page\" data-elementor-id=\"3180\" class=\"elementor elementor-3180\" data-elementor-post-type=\"page\">\n\t\t\t\t\t\t<section class=\"elementor-section elementor-top-section elementor-element elementor-element-0c5073a elementor-section-boxed elementor-section-height-default elementor-section-height-default\" data-id=\"0c5073a\" data-element_type=\"section\">\n\t\t\t\t\t\t<div class=\"elementor-container elementor-column-gap-default\">\n\t\t\t\t\t<div class=\"elementor-column elementor-col-100 elementor-top-column elementor-element elementor-element-95a7751\" data-id=\"95a7751\" data-element_type=\"column\">\n\t\t\t<div class=\"elementor-widget-wrap elementor-element-populated\">\n\t\t\t\t\t\t<div class=\"elementor-element elementor-element-9f6564d elementor-widget elementor-widget-heading\" data-id=\"9f6564d\" data-element_type=\"widget\" data-widget_type=\"heading.default\">\n\t\t\t\t<div class=\"elementor-widget-container\">\n\t\t\t\t\t<h2 class=\"elementor-heading-title elementor-size-default\">Weitere K\u00fcnstler<br><\/h2>\t\t\t\t<\/div>\n\t\t\t\t<\/div>\n\t\t\t\t\t<\/div>\n\t\t<\/div>\n\t\t\t\t\t<\/div>\n\t\t<\/section>\n\t\t\t\t<section class=\"elementor-section elementor-top-section elementor-element elementor-element-1176df6 elementor-section-boxed elementor-section-height-default elementor-section-height-default\" data-id=\"1176df6\" data-element_type=\"section\">\n\t\t\t\t\t\t<div class=\"elementor-container elementor-column-gap-default\">\n\t\t\t\t\t<div class=\"elementor-column elementor-col-100 elementor-top-column elementor-element elementor-element-8a5e284\" data-id=\"8a5e284\" data-element_type=\"column\">\n\t\t\t<div class=\"elementor-widget-wrap elementor-element-populated\">\n\t\t\t\t\t\t<div class=\"elementor-element elementor-element-3ff6a85 elementor-widget elementor-widget-image\" data-id=\"3ff6a85\" data-element_type=\"widget\" data-widget_type=\"image.default\">\n\t\t\t\t<div class=\"elementor-widget-container\">\n\t\t\t\t\t\t\t\t\t\t\t\t\t\t\t\t<a href=\"https:\/\/www.ricardo.ch\/de\/a\/rudolf-reschreiter-(1868-1939)-piz-bernina-piz-roseg-1305627266\/\">\n\t\t\t\t\t\t\t<img fetchpriority=\"high\" decoding=\"async\" width=\"1500\" height=\"1014\" src=\"https:\/\/amberg-art.com\/wp-content\/uploads\/2026\/01\/Amberg-Art.com-Rudolf-Reschreiter-Piz-Bernina-Oberengadin-c-Joe-Amberg-1500.jpg\" class=\"attachment-full size-full wp-image-3185\" alt=\"Rudolf Reschreiter: Piz Bernina, Piz Roseg, Tschiervagletscher, Oberengadin (c) Joe Amberg\" srcset=\"https:\/\/amberg-art.com\/wp-content\/uploads\/2026\/01\/Amberg-Art.com-Rudolf-Reschreiter-Piz-Bernina-Oberengadin-c-Joe-Amberg-1500.jpg 1500w, https:\/\/amberg-art.com\/wp-content\/uploads\/2026\/01\/Amberg-Art.com-Rudolf-Reschreiter-Piz-Bernina-Oberengadin-c-Joe-Amberg-1500-300x203.jpg 300w, https:\/\/amberg-art.com\/wp-content\/uploads\/2026\/01\/Amberg-Art.com-Rudolf-Reschreiter-Piz-Bernina-Oberengadin-c-Joe-Amberg-1500-1024x692.jpg 1024w, https:\/\/amberg-art.com\/wp-content\/uploads\/2026\/01\/Amberg-Art.com-Rudolf-Reschreiter-Piz-Bernina-Oberengadin-c-Joe-Amberg-1500-768x519.jpg 768w\" sizes=\"(max-width: 1500px) 100vw, 1500px\" \/>\t\t\t\t\t\t\t\t<\/a>\n\t\t\t\t\t\t\t\t\t\t\t\t\t\t\t<\/div>\n\t\t\t\t<\/div>\n\t\t\t\t\t<\/div>\n\t\t<\/div>\n\t\t\t\t\t<\/div>\n\t\t<\/section>\n\t\t\t\t<section class=\"elementor-section elementor-top-section elementor-element elementor-element-0f741e0 elementor-section-boxed elementor-section-height-default elementor-section-height-default\" data-id=\"0f741e0\" data-element_type=\"section\">\n\t\t\t\t\t\t<div class=\"elementor-container elementor-column-gap-default\">\n\t\t\t\t\t<div class=\"elementor-column elementor-col-100 elementor-top-column elementor-element elementor-element-48b4deb\" data-id=\"48b4deb\" data-element_type=\"column\">\n\t\t\t<div class=\"elementor-widget-wrap elementor-element-populated\">\n\t\t\t\t\t\t<div class=\"elementor-element elementor-element-5443be2 elementor-widget elementor-widget-text-editor\" data-id=\"5443be2\" data-element_type=\"widget\" data-widget_type=\"text-editor.default\">\n\t\t\t\t<div class=\"elementor-widget-container\">\n\t\t\t\t\t\t\t\t\t<h5 style=\"text-align: center;\">Rudolf Reschreiter: Piz Bernina, Piz Roseg, Tschiervagletscher, Oberengadin, <br \/>\u00d6l auf Leinwand, 88,5 x 128,5 cm (c) Joe Amberg<\/h5>\t\t\t\t\t\t\t\t<\/div>\n\t\t\t\t<\/div>\n\t\t\t\t\t<\/div>\n\t\t<\/div>\n\t\t\t\t\t<\/div>\n\t\t<\/section>\n\t\t\t\t<section class=\"elementor-section elementor-top-section elementor-element elementor-element-7e4b75a elementor-section-boxed elementor-section-height-default elementor-section-height-default\" data-id=\"7e4b75a\" data-element_type=\"section\">\n\t\t\t\t\t\t<div class=\"elementor-container elementor-column-gap-default\">\n\t\t\t\t\t<div class=\"elementor-column elementor-col-100 elementor-top-column elementor-element elementor-element-427a2c6\" data-id=\"427a2c6\" data-element_type=\"column\">\n\t\t\t<div class=\"elementor-widget-wrap elementor-element-populated\">\n\t\t\t\t\t\t<div class=\"elementor-element elementor-element-4ed10ae elementor-widget elementor-widget-text-editor\" data-id=\"4ed10ae\" data-element_type=\"widget\" data-widget_type=\"text-editor.default\">\n\t\t\t\t<div class=\"elementor-widget-container\">\n\t\t\t\t\t\t\t\t\t<p><strong>Rudolf Reschreiter<\/strong> (* 1868; \u2020 1939 in M\u00fcnchen) studierte nach dem Abitur 1888 am Wilhelmsgymnasium M\u00fcnchen an der M\u00fcnchner Akademie bei Gabriel von Hackl. Er malte haupts\u00e4chlich in der Aquarelltechnik und wurde f\u00fcr seine hyperrealistische Naturdarstellung ber\u00fchmt.<br \/>Eines seiner bekanntesten Werke ist die Abbildung des Waxensteinkamms von Mathaisenkar aus. <br \/>Im Jahre 1903 bereiste er mit dem Geograph Hans Meyer die s\u00fcdamerikanischen Kordilleren und besuchte den in Ecuador gelegenen, 6301 Meter hohen, v\u00f6llig vergletscherten Chimborazo. Reschreiter malte im Anschluss eine ganze Serie \u201eChimborazo-Bilder\u201c.<br \/>Rudolf Reschreiter fertigte auch die Zeichnungen f\u00fcr \u201eSchwaiger\u2019s F\u00fchrer durch das Wettersteingebirge\u201c, M\u00fcnchen, 1901 an.<br \/>Seine Werke sind zu sehen in Alpine Museen, Kempten, M\u00fcnchen und dem Alpenverein-Museum Innsbruck.\u00a0<\/p>\t\t\t\t\t\t\t\t<\/div>\n\t\t\t\t<\/div>\n\t\t\t\t\t<\/div>\n\t\t<\/div>\n\t\t\t\t\t<\/div>\n\t\t<\/section>\n\t\t\t\t<section class=\"elementor-section elementor-top-section elementor-element elementor-element-b573489 elementor-section-boxed elementor-section-height-default elementor-section-height-default\" data-id=\"b573489\" data-element_type=\"section\">\n\t\t\t\t\t\t<div class=\"elementor-container elementor-column-gap-default\">\n\t\t\t\t\t<div class=\"elementor-column elementor-col-100 elementor-top-column elementor-element elementor-element-36b6cf1\" data-id=\"36b6cf1\" data-element_type=\"column\">\n\t\t\t<div class=\"elementor-widget-wrap elementor-element-populated\">\n\t\t\t\t\t\t<div class=\"elementor-element elementor-element-5ff9110 elementor-widget-divider--view-line elementor-widget elementor-widget-divider\" data-id=\"5ff9110\" data-element_type=\"widget\" data-widget_type=\"divider.default\">\n\t\t\t\t<div class=\"elementor-widget-container\">\n\t\t\t\t\t\t\t<div class=\"elementor-divider\">\n\t\t\t<span class=\"elementor-divider-separator\">\n\t\t\t\t\t\t<\/span>\n\t\t<\/div>\n\t\t\t\t\t\t<\/div>\n\t\t\t\t<\/div>\n\t\t\t\t\t<\/div>\n\t\t<\/div>\n\t\t\t\t\t<\/div>\n\t\t<\/section>\n\t\t\t\t<section class=\"elementor-section elementor-top-section elementor-element elementor-element-023f5cf elementor-section-boxed elementor-section-height-default elementor-section-height-default\" data-id=\"023f5cf\" data-element_type=\"section\">\n\t\t\t\t\t\t<div class=\"elementor-container elementor-column-gap-default\">\n\t\t\t\t\t<div class=\"elementor-column elementor-col-100 elementor-top-column elementor-element elementor-element-a892729\" data-id=\"a892729\" data-element_type=\"column\">\n\t\t\t<div class=\"elementor-widget-wrap elementor-element-populated\">\n\t\t\t\t\t\t<div class=\"elementor-element elementor-element-3dc81f2 elementor-widget elementor-widget-image\" data-id=\"3dc81f2\" data-element_type=\"widget\" data-widget_type=\"image.default\">\n\t\t\t\t<div class=\"elementor-widget-container\">\n\t\t\t\t\t\t\t\t\t\t\t\t\t\t\t\t<a href=\"https:\/\/www.ricardo.ch\/de\/a\/rodolphe-auguste-bachelin-(1830-1890)-thunersee-1308984630\/\">\n\t\t\t\t\t\t\t<img decoding=\"async\" width=\"1500\" height=\"899\" src=\"https:\/\/amberg-art.com\/wp-content\/uploads\/2026\/01\/Amberg-Art.com-Rodolphe-Auguste-Bachelin-Thunersee-c-Joe-Amberg-1500.jpg\" class=\"attachment-full size-full wp-image-3240\" alt=\"Amberg-Art.com Rodolphe Auguste Bachelin: Thunersee (c) Joe Amberg\" srcset=\"https:\/\/amberg-art.com\/wp-content\/uploads\/2026\/01\/Amberg-Art.com-Rodolphe-Auguste-Bachelin-Thunersee-c-Joe-Amberg-1500.jpg 1500w, https:\/\/amberg-art.com\/wp-content\/uploads\/2026\/01\/Amberg-Art.com-Rodolphe-Auguste-Bachelin-Thunersee-c-Joe-Amberg-1500-300x180.jpg 300w, https:\/\/amberg-art.com\/wp-content\/uploads\/2026\/01\/Amberg-Art.com-Rodolphe-Auguste-Bachelin-Thunersee-c-Joe-Amberg-1500-1024x614.jpg 1024w, https:\/\/amberg-art.com\/wp-content\/uploads\/2026\/01\/Amberg-Art.com-Rodolphe-Auguste-Bachelin-Thunersee-c-Joe-Amberg-1500-768x460.jpg 768w\" sizes=\"(max-width: 1500px) 100vw, 1500px\" \/>\t\t\t\t\t\t\t\t<\/a>\n\t\t\t\t\t\t\t\t\t\t\t\t\t\t\t<\/div>\n\t\t\t\t<\/div>\n\t\t\t\t\t<\/div>\n\t\t<\/div>\n\t\t\t\t\t<\/div>\n\t\t<\/section>\n\t\t\t\t<section class=\"elementor-section elementor-top-section elementor-element elementor-element-757fdec elementor-section-boxed elementor-section-height-default elementor-section-height-default\" data-id=\"757fdec\" data-element_type=\"section\">\n\t\t\t\t\t\t<div class=\"elementor-container elementor-column-gap-default\">\n\t\t\t\t\t<div class=\"elementor-column elementor-col-100 elementor-top-column elementor-element elementor-element-8b6cd18\" data-id=\"8b6cd18\" data-element_type=\"column\">\n\t\t\t<div class=\"elementor-widget-wrap elementor-element-populated\">\n\t\t\t\t\t\t<div class=\"elementor-element elementor-element-9f5288c elementor-widget elementor-widget-text-editor\" data-id=\"9f5288c\" data-element_type=\"widget\" data-widget_type=\"text-editor.default\">\n\t\t\t\t<div class=\"elementor-widget-container\">\n\t\t\t\t\t\t\t\t\t<h5 style=\"text-align: center;\">Rodolphe Auguste Bachelin (1830-1890): Thunersee, \u00d6l auf Karton, 27 x 43.5 cm\u00a0<br \/>(c) Joe Amberg<br \/><br \/><\/h5>\t\t\t\t\t\t\t\t<\/div>\n\t\t\t\t<\/div>\n\t\t\t\t\t<\/div>\n\t\t<\/div>\n\t\t\t\t\t<\/div>\n\t\t<\/section>\n\t\t\t\t<section class=\"elementor-section elementor-top-section elementor-element elementor-element-1e786c9 elementor-section-boxed elementor-section-height-default elementor-section-height-default\" data-id=\"1e786c9\" data-element_type=\"section\">\n\t\t\t\t\t\t<div class=\"elementor-container elementor-column-gap-default\">\n\t\t\t\t\t<div class=\"elementor-column elementor-col-100 elementor-top-column elementor-element elementor-element-de9dde9\" data-id=\"de9dde9\" data-element_type=\"column\">\n\t\t\t<div class=\"elementor-widget-wrap elementor-element-populated\">\n\t\t\t\t\t\t<div class=\"elementor-element elementor-element-9dbdd2b elementor-widget elementor-widget-text-editor\" data-id=\"9dbdd2b\" data-element_type=\"widget\" data-widget_type=\"text-editor.default\">\n\t\t\t\t<div class=\"elementor-widget-container\">\n\t\t\t\t\t\t\t\t\t<p><strong>Rodolphe Auguste Bachelin<\/strong> (* 30. September 1830 in Neuch\u00e2tel; \u2020 3. August 1890 in Bern) war ein Schweizer Landschafts-, Historien- und Portr\u00e4tmaler.<br \/>Auguste Bachelin begann seine k\u00fcnstlerische Ausbildung gemeinsam mit Albert Anker bei Louis Wallingre (1819\u20131886) in Saint-Blaise. 1850 kam er nach Paris, wo er bis 1874 blieb, aber oft Neuenburg besuchte. Er begann dort seine Ausbildung im Atelier von Charles Gleyre und setzte sie 1852 bei Thomas Couture fort, der sein weiteres Schaffen entscheidend beeinflusste.<br \/>Von Paris aus schickte Bachelin ab 1851 regelm\u00e4ssig seine Werke in den Salon der \u00abGesellschaft der Freunde der K\u00fcnste\u00bb in Neuenburg. Von 1857 bis 1874 stellte er auch im Pariser Salon aus. Der monarchistische Staatsstreich von 1856 im Kanton Neuenburg, der sich so von der preussischen Vormundschaft befreite, scheint der Ursprung seiner Berufung als Milit\u00e4rmaler zu sein.<br \/>Er heiratete 1874, verliess Paris und liess sich in Marin NE unweit von Neuenburg nieder, wo sich seine Aktivit\u00e4ten diversifizierten.<\/p>\t\t\t\t\t\t\t\t<\/div>\n\t\t\t\t<\/div>\n\t\t\t\t\t<\/div>\n\t\t<\/div>\n\t\t\t\t\t<\/div>\n\t\t<\/section>\n\t\t\t\t<\/div>\n\t\t","protected":false},"excerpt":{"rendered":"<p>Weitere K\u00fcnstler Rudolf Reschreiter: Piz Bernina, Piz Roseg, Tschiervagletscher, Oberengadin, \u00d6l auf Leinwand, 88,5 x 128,5 cm (c) Joe Amberg Rudolf Reschreiter (* 1868; \u2020 1939 in M\u00fcnchen) studierte nach dem Abitur 1888 am Wilhelmsgymnasium M\u00fcnchen an der M\u00fcnchner Akademie bei Gabriel von Hackl. Er malte haupts\u00e4chlich in der Aquarelltechnik und wurde f\u00fcr seine hyperrealistische [&hellip;]<\/p>\n","protected":false},"author":1,"featured_media":0,"parent":0,"menu_order":0,"comment_status":"closed","ping_status":"closed","template":"","meta":{"footnotes":""},"class_list":["post-3180","page","type-page","status-publish","hentry"],"_links":{"self":[{"href":"https:\/\/amberg-art.com\/index.php?rest_route=\/wp\/v2\/pages\/3180","targetHints":{"allow":["GET"]}}],"collection":[{"href":"https:\/\/amberg-art.com\/index.php?rest_route=\/wp\/v2\/pages"}],"about":[{"href":"https:\/\/amberg-art.com\/index.php?rest_route=\/wp\/v2\/types\/page"}],"author":[{"embeddable":true,"href":"https:\/\/amberg-art.com\/index.php?rest_route=\/wp\/v2\/users\/1"}],"replies":[{"embeddable":true,"href":"https:\/\/amberg-art.com\/index.php?rest_route=%2Fwp%2Fv2%2Fcomments&post=3180"}],"version-history":[{"count":20,"href":"https:\/\/amberg-art.com\/index.php?rest_route=\/wp\/v2\/pages\/3180\/revisions"}],"predecessor-version":[{"id":3249,"href":"https:\/\/amberg-art.com\/index.php?rest_route=\/wp\/v2\/pages\/3180\/revisions\/3249"}],"wp:attachment":[{"href":"https:\/\/amberg-art.com\/index.php?rest_route=%2Fwp%2Fv2%2Fmedia&parent=3180"}],"curies":[{"name":"wp","href":"https:\/\/api.w.org\/{rel}","templated":true}]}}