{"id":3194,"date":"2026-01-16T12:18:00","date_gmt":"2026-01-16T12:18:00","guid":{"rendered":"https:\/\/amberg-art.com\/?page_id=3194"},"modified":"2026-01-16T12:37:08","modified_gmt":"2026-01-16T12:37:08","slug":"erich-erler","status":"publish","type":"page","link":"https:\/\/amberg-art.com\/?page_id=3194","title":{"rendered":"Erich Erler"},"content":{"rendered":"\t\t<div data-elementor-type=\"wp-page\" data-elementor-id=\"3194\" class=\"elementor elementor-3194\" data-elementor-post-type=\"page\">\n\t\t\t\t\t\t<section class=\"elementor-section elementor-top-section elementor-element elementor-element-0c5073a elementor-section-boxed elementor-section-height-default elementor-section-height-default\" data-id=\"0c5073a\" data-element_type=\"section\">\n\t\t\t\t\t\t<div class=\"elementor-container elementor-column-gap-default\">\n\t\t\t\t\t<div class=\"elementor-column elementor-col-100 elementor-top-column elementor-element elementor-element-95a7751\" data-id=\"95a7751\" data-element_type=\"column\">\n\t\t\t<div class=\"elementor-widget-wrap elementor-element-populated\">\n\t\t\t\t\t\t<div class=\"elementor-element elementor-element-9f6564d elementor-widget elementor-widget-heading\" data-id=\"9f6564d\" data-element_type=\"widget\" data-widget_type=\"heading.default\">\n\t\t\t\t<div class=\"elementor-widget-container\">\n\t\t\t\t\t<h2 class=\"elementor-heading-title elementor-size-default\">Erich Erler (-Samedan)<br><\/h2>\t\t\t\t<\/div>\n\t\t\t\t<\/div>\n\t\t\t\t\t<\/div>\n\t\t<\/div>\n\t\t\t\t\t<\/div>\n\t\t<\/section>\n\t\t\t\t<section class=\"elementor-section elementor-top-section elementor-element elementor-element-b0976be elementor-section-boxed elementor-section-height-default elementor-section-height-default\" data-id=\"b0976be\" data-element_type=\"section\">\n\t\t\t\t\t\t<div class=\"elementor-container elementor-column-gap-default\">\n\t\t\t\t\t<div class=\"elementor-column elementor-col-100 elementor-top-column elementor-element elementor-element-1b152b8\" data-id=\"1b152b8\" data-element_type=\"column\">\n\t\t\t<div class=\"elementor-widget-wrap elementor-element-populated\">\n\t\t\t\t\t\t<div class=\"elementor-element elementor-element-3f1e0a4 elementor-widget elementor-widget-image\" data-id=\"3f1e0a4\" data-element_type=\"widget\" data-widget_type=\"image.default\">\n\t\t\t\t<div class=\"elementor-widget-container\">\n\t\t\t\t\t\t\t\t\t\t\t\t\t\t\t\t<a href=\"https:\/\/www.ricardo.ch\/de\/a\/erich-erler-(-samedan)-lej-da-tscheppa-mit-piz-corvatsch-1305679244\/\">\n\t\t\t\t\t\t\t<img fetchpriority=\"high\" decoding=\"async\" width=\"1500\" height=\"1313\" src=\"https:\/\/amberg-art.com\/wp-content\/uploads\/2026\/01\/Amberg-Art.com-Erich-Erler-Lej-da-Tscheppa-mit-Piz-Corvatsch-c-Joe-Amberg-1500.jpg\" class=\"attachment-full size-full wp-image-3196\" alt=\"Erich Erler: Lej da Tscheppa mit Piz Corvatsch (c) Joe-Amberg\" srcset=\"https:\/\/amberg-art.com\/wp-content\/uploads\/2026\/01\/Amberg-Art.com-Erich-Erler-Lej-da-Tscheppa-mit-Piz-Corvatsch-c-Joe-Amberg-1500.jpg 1500w, https:\/\/amberg-art.com\/wp-content\/uploads\/2026\/01\/Amberg-Art.com-Erich-Erler-Lej-da-Tscheppa-mit-Piz-Corvatsch-c-Joe-Amberg-1500-300x263.jpg 300w, https:\/\/amberg-art.com\/wp-content\/uploads\/2026\/01\/Amberg-Art.com-Erich-Erler-Lej-da-Tscheppa-mit-Piz-Corvatsch-c-Joe-Amberg-1500-1024x896.jpg 1024w, https:\/\/amberg-art.com\/wp-content\/uploads\/2026\/01\/Amberg-Art.com-Erich-Erler-Lej-da-Tscheppa-mit-Piz-Corvatsch-c-Joe-Amberg-1500-768x672.jpg 768w\" sizes=\"(max-width: 1500px) 100vw, 1500px\" \/>\t\t\t\t\t\t\t\t<\/a>\n\t\t\t\t\t\t\t\t\t\t\t\t\t\t\t<\/div>\n\t\t\t\t<\/div>\n\t\t\t\t\t<\/div>\n\t\t<\/div>\n\t\t\t\t\t<\/div>\n\t\t<\/section>\n\t\t\t\t<section class=\"elementor-section elementor-top-section elementor-element elementor-element-0f741e0 elementor-section-boxed elementor-section-height-default elementor-section-height-default\" data-id=\"0f741e0\" data-element_type=\"section\">\n\t\t\t\t\t\t<div class=\"elementor-container elementor-column-gap-default\">\n\t\t\t\t\t<div class=\"elementor-column elementor-col-100 elementor-top-column elementor-element elementor-element-48b4deb\" data-id=\"48b4deb\" data-element_type=\"column\">\n\t\t\t<div class=\"elementor-widget-wrap elementor-element-populated\">\n\t\t\t\t\t\t<div class=\"elementor-element elementor-element-5443be2 elementor-widget elementor-widget-text-editor\" data-id=\"5443be2\" data-element_type=\"widget\" data-widget_type=\"text-editor.default\">\n\t\t\t\t<div class=\"elementor-widget-container\">\n\t\t\t\t\t\t\t\t\t<h5 style=\"text-align: center;\">Erich Erler: Lej da Tscheppa mit Piz Corvatsch, \u00d6l auf Leinwand, 79 x 80 cm <br \/>(c) Joe-Amberg<br \/><br \/><\/h5>\t\t\t\t\t\t\t\t<\/div>\n\t\t\t\t<\/div>\n\t\t\t\t\t<\/div>\n\t\t<\/div>\n\t\t\t\t\t<\/div>\n\t\t<\/section>\n\t\t\t\t<section class=\"elementor-section elementor-top-section elementor-element elementor-element-1176df6 elementor-section-boxed elementor-section-height-default elementor-section-height-default\" data-id=\"1176df6\" data-element_type=\"section\">\n\t\t\t\t\t\t<div class=\"elementor-container elementor-column-gap-default\">\n\t\t\t\t\t<div class=\"elementor-column elementor-col-100 elementor-top-column elementor-element elementor-element-8a5e284\" data-id=\"8a5e284\" data-element_type=\"column\">\n\t\t\t<div class=\"elementor-widget-wrap elementor-element-populated\">\n\t\t\t\t\t\t<div class=\"elementor-element elementor-element-3ff6a85 elementor-widget elementor-widget-image\" data-id=\"3ff6a85\" data-element_type=\"widget\" data-widget_type=\"image.default\">\n\t\t\t\t<div class=\"elementor-widget-container\">\n\t\t\t\t\t\t\t\t\t\t\t\t\t\t\t\t<a href=\"https:\/\/www.ricardo.ch\/de\/a\/erich-erler-(-samedan)-fuorcla-surlej-mit-piz-bernina-1305679484\/\">\n\t\t\t\t\t\t\t<img decoding=\"async\" width=\"1500\" height=\"1502\" src=\"https:\/\/amberg-art.com\/wp-content\/uploads\/2026\/01\/Amberg-Art.com-Erich-Erler-Piz-Bernina-Piz-Roseg-c-Joe-Amberg-1500.jpg\" class=\"attachment-full size-full wp-image-3204\" alt=\"Erich Erler: Piz Bernina (c) Joe-Amberg\" srcset=\"https:\/\/amberg-art.com\/wp-content\/uploads\/2026\/01\/Amberg-Art.com-Erich-Erler-Piz-Bernina-Piz-Roseg-c-Joe-Amberg-1500.jpg 1500w, https:\/\/amberg-art.com\/wp-content\/uploads\/2026\/01\/Amberg-Art.com-Erich-Erler-Piz-Bernina-Piz-Roseg-c-Joe-Amberg-1500-300x300.jpg 300w, https:\/\/amberg-art.com\/wp-content\/uploads\/2026\/01\/Amberg-Art.com-Erich-Erler-Piz-Bernina-Piz-Roseg-c-Joe-Amberg-1500-1024x1024.jpg 1024w, https:\/\/amberg-art.com\/wp-content\/uploads\/2026\/01\/Amberg-Art.com-Erich-Erler-Piz-Bernina-Piz-Roseg-c-Joe-Amberg-1500-150x150.jpg 150w, https:\/\/amberg-art.com\/wp-content\/uploads\/2026\/01\/Amberg-Art.com-Erich-Erler-Piz-Bernina-Piz-Roseg-c-Joe-Amberg-1500-768x769.jpg 768w\" sizes=\"(max-width: 1500px) 100vw, 1500px\" \/>\t\t\t\t\t\t\t\t<\/a>\n\t\t\t\t\t\t\t\t\t\t\t\t\t\t\t<\/div>\n\t\t\t\t<\/div>\n\t\t\t\t\t<\/div>\n\t\t<\/div>\n\t\t\t\t\t<\/div>\n\t\t<\/section>\n\t\t\t\t<section class=\"elementor-section elementor-top-section elementor-element elementor-element-9c3e882 elementor-section-boxed elementor-section-height-default elementor-section-height-default\" data-id=\"9c3e882\" data-element_type=\"section\">\n\t\t\t\t\t\t<div class=\"elementor-container elementor-column-gap-default\">\n\t\t\t\t\t<div class=\"elementor-column elementor-col-100 elementor-top-column elementor-element elementor-element-a7104bd\" data-id=\"a7104bd\" data-element_type=\"column\">\n\t\t\t<div class=\"elementor-widget-wrap elementor-element-populated\">\n\t\t\t\t\t\t<div class=\"elementor-element elementor-element-cb9638f elementor-widget elementor-widget-text-editor\" data-id=\"cb9638f\" data-element_type=\"widget\" data-widget_type=\"text-editor.default\">\n\t\t\t\t<div class=\"elementor-widget-container\">\n\t\t\t\t\t\t\t\t\t<h5 style=\"text-align: center;\">Erich Erler: Piz Bernina, \u00d6l auf Leinwand, 90 x 90 cm <br>(c) Joe-Amberg<br><br><p><\/p>\n<\/h5>\t\t\t\t\t\t\t\t<\/div>\n\t\t\t\t<\/div>\n\t\t\t\t\t<\/div>\n\t\t<\/div>\n\t\t\t\t\t<\/div>\n\t\t<\/section>\n\t\t\t\t<section class=\"elementor-section elementor-top-section elementor-element elementor-element-7f89443 elementor-section-boxed elementor-section-height-default elementor-section-height-default\" data-id=\"7f89443\" data-element_type=\"section\">\n\t\t\t\t\t\t<div class=\"elementor-container elementor-column-gap-default\">\n\t\t\t\t\t<div class=\"elementor-column elementor-col-100 elementor-top-column elementor-element elementor-element-f81ce11\" data-id=\"f81ce11\" data-element_type=\"column\">\n\t\t\t<div class=\"elementor-widget-wrap elementor-element-populated\">\n\t\t\t\t\t\t<div class=\"elementor-element elementor-element-3e93997 elementor-widget elementor-widget-text-editor\" data-id=\"3e93997\" data-element_type=\"widget\" data-widget_type=\"text-editor.default\">\n\t\t\t\t<div class=\"elementor-widget-container\">\n\t\t\t\t\t\t\t\t\t<p><strong>Erich Erler<\/strong> (*16. Dezember 1870 in Frankenstein, Schlesien; \u202019. Juni 1946 in Icking)<\/p><p>W\u00e4hrend sein Bruder Fritz Erler bereits mit 17 Jahren die Kunstschule Breslau besuchen durfte, lernte Erich Erler zun\u00e4chst Buchdrucker. Er wurde Redakteur in Schweidnitz und fertigte in diesem Zusammenhang zeichnerische Dokumentationen. Die Zyklen Totentanz und Die Nibelungen entstanden. Bedingt durch eine Tuberkulose, begab er sich f\u00fcr l\u00e4ngere Zeit nach Samaden im Engadin. Hier begann er, mit Tempera zu malen. Er lernte den Arzt und Kunstsammler Dr. Oskar Bernhard kennen, auch den Maler Giovanni Segantini. In Breslau wurde er ebenso wie sein Bruder von der kunstbegeisterten j\u00fcdischen Familie Neisser aufgenommen, in welcher auch Gerhart Hauptmann, Richard Strauss und andere K\u00fcnstler, au\u00dferdem viele Politiker verkehrten. Ab 1900 hielt sich Erler in M\u00fcnchen auf, wo er in der T\u00fcrkenstra\u00dfe ein Atelier bezog und Mitglied der K\u00fcnstlergruppe Die Scholle wurde, mit welcher er bereits 1901 im Glaspalast ausstellte. Die M\u00fcnchner Pinakothek erwarb 1902 ein Bild von ihm. \u00dcber die deutschen Grenzen hinaus wurde er durch seine Bergbilder bekannt.<\/p><p>Literatur: Hartfried Neunzert (Hrsg.): Erich Erler \u2013 ein Schollemaler, 1870 \u2013 1946. Neues Stadtmuseum, Landsberg am Lech 2002. ISSN 0931-2722. Bruckmanns Lexikon der M\u00fcnchner Kunst, M\u00fcnchner Maler im 19. Jahrhundert. Band 1, M\u00fcnchen 1981. M\u00fcnchner Schmuck 1900\u20131940. Danner-Stiftung, M\u00fcnchen 1990. Erich Erler. In: Allgemeines K\u00fcnstlerlexikon. Die Bildenden K\u00fcnstler aller Zeiten und V\u00f6lker (AKL). Band 34, Saur, M\u00fcnchen 2002, S. 397. Erich Erler. In: Ulrich Thieme, Felix Becker u. a.: Allgemeines Lexikon der Bildenden K\u00fcnstler von der Antike bis zur Gegenwart. Band 10, E. A. Seemann, Leipzig 1914, S. 606. Erich Erler. In: Hans Vollmer: Allgemeines Lexikon der bildenden K\u00fcnstler des XX. Jahrhunderts. Bd. 2. E. A. Seemann, Leipzig 1955, S. 50)\u00a0<\/p><p>[Quelle: Wikipedia]<\/p>\t\t\t\t\t\t\t\t<\/div>\n\t\t\t\t<\/div>\n\t\t\t\t\t<\/div>\n\t\t<\/div>\n\t\t\t\t\t<\/div>\n\t\t<\/section>\n\t\t\t\t<\/div>\n\t\t","protected":false},"excerpt":{"rendered":"<p>Erich Erler (-Samedan) Erich Erler: Lej da Tscheppa mit Piz Corvatsch, \u00d6l auf Leinwand, 79 x 80 cm (c) Joe-Amberg Erich Erler: Piz Bernina, \u00d6l auf Leinwand, 90 x 90 cm (c) Joe-Amberg Erich Erler (*16. Dezember 1870 in Frankenstein, Schlesien; \u202019. Juni 1946 in Icking) W\u00e4hrend sein Bruder Fritz Erler bereits mit 17 Jahren [&hellip;]<\/p>\n","protected":false},"author":1,"featured_media":0,"parent":0,"menu_order":0,"comment_status":"closed","ping_status":"closed","template":"","meta":{"footnotes":""},"class_list":["post-3194","page","type-page","status-publish","hentry"],"_links":{"self":[{"href":"https:\/\/amberg-art.com\/index.php?rest_route=\/wp\/v2\/pages\/3194","targetHints":{"allow":["GET"]}}],"collection":[{"href":"https:\/\/amberg-art.com\/index.php?rest_route=\/wp\/v2\/pages"}],"about":[{"href":"https:\/\/amberg-art.com\/index.php?rest_route=\/wp\/v2\/types\/page"}],"author":[{"embeddable":true,"href":"https:\/\/amberg-art.com\/index.php?rest_route=\/wp\/v2\/users\/1"}],"replies":[{"embeddable":true,"href":"https:\/\/amberg-art.com\/index.php?rest_route=%2Fwp%2Fv2%2Fcomments&post=3194"}],"version-history":[{"count":13,"href":"https:\/\/amberg-art.com\/index.php?rest_route=\/wp\/v2\/pages\/3194\/revisions"}],"predecessor-version":[{"id":3210,"href":"https:\/\/amberg-art.com\/index.php?rest_route=\/wp\/v2\/pages\/3194\/revisions\/3210"}],"wp:attachment":[{"href":"https:\/\/amberg-art.com\/index.php?rest_route=%2Fwp%2Fv2%2Fmedia&parent=3194"}],"curies":[{"name":"wp","href":"https:\/\/api.w.org\/{rel}","templated":true}]}}